{"id":25,"date":"2010-01-14T18:56:01","date_gmt":"2010-01-14T18:56:01","guid":{"rendered":"http:\/\/www.christian-wildt.de\/projekte\/highlife\/?page_id=25"},"modified":"2026-02-10T20:45:11","modified_gmt":"2026-02-10T20:45:11","slug":"impressum","status":"publish","type":"page","link":"http:\/\/www.showtanzgruppe-highlife.de\/?page_id=25","title":{"rendered":"Sponsoren"},"content":{"rendered":"<table style=\"width: 651px;\" align=\"center\">\n<tbody>\n<tr>\n<td colspan=\"2\" align=\"center\">\n<h2>\n<a href=\"https:\/\/www.brandlhof-eier.com\/\">Brandlhof<\/a><\/h2>\n<\/td>\n<\/tr>\n<tr>\n<td style=\"width: 324px;\" align=\"center\">Brandl 44, Mauerberg,<br \/>\n84518 Garching\/Alz<\/td>\n<td style=\"width: 325px;\" align=\"center\"><strong><img decoding=\"async\" loading=\"lazy\" class=\"alignnone size-full wp-image-3314\" src=\"http:\/\/www.showtanzgruppe-highlife.de\/wp-content\/uploads\/2026\/02\/Brandlhof.png\" alt=\"\" width=\"466\" height=\"144\" srcset=\"http:\/\/www.showtanzgruppe-highlife.de\/wp-content\/uploads\/2026\/02\/Brandlhof.png 466w, http:\/\/www.showtanzgruppe-highlife.de\/wp-content\/uploads\/2026\/02\/Brandlhof-300x93.png 300w\" sizes=\"(max-width: 466px) 100vw, 466px\" \/><\/strong><\/td>\n<\/tr>\n<tr>\n<td colspan=\"2\" align=\"center\">\n<h2>\n<a href=\"https:\/\/fliegl-agrartechnik.de\/\" target=\"_blank\" rel=\"noopener noreferrer\">Fli<\/a><a href=\"https:\/\/fliegl-agrartechnik.de\/\" target=\"_blank\" rel=\"noopener noreferrer\">egl Agrartechnik GmbH<\/a><\/h2>\n<\/td>\n<\/tr>\n<tr>\n<td style=\"width: 324px;\" align=\"center\">B\u00fcrgermeister-Boch-Str. 1<br \/>\n84453 M\u00fchldorf a. Inn<\/td>\n<td style=\"width: 325px;\" align=\"center\"><img decoding=\"async\" loading=\"lazy\" class=\"alignnone  wp-image-3319\" src=\"http:\/\/www.showtanzgruppe-highlife.de\/wp-content\/uploads\/2026\/02\/Fliegl.jpg\" alt=\"\" width=\"160\" height=\"128\" srcset=\"http:\/\/www.showtanzgruppe-highlife.de\/wp-content\/uploads\/2026\/02\/Fliegl.jpg 1100w, http:\/\/www.showtanzgruppe-highlife.de\/wp-content\/uploads\/2026\/02\/Fliegl-300x240.jpg 300w, http:\/\/www.showtanzgruppe-highlife.de\/wp-content\/uploads\/2026\/02\/Fliegl-1024x819.jpg 1024w, http:\/\/www.showtanzgruppe-highlife.de\/wp-content\/uploads\/2026\/02\/Fliegl-768x614.jpg 768w\" sizes=\"(max-width: 160px) 100vw, 160px\" \/><\/td>\n<\/tr>\n<tr>\n<td colspan=\"2\" align=\"center\">\n<h2>\n<a href=\"https:\/\/abel-gruppe.de\/de\/home\" target=\"_blank\" rel=\"noopener noreferrer\">ABEL Gruppe<\/a><\/h2>\n<\/td>\n<\/tr>\n<tr>\n<td style=\"width: 324px;\" align=\"center\">Gie\u00dfm\u00fchler Str. 3<br \/>\n84549 Engelsberg\/Wiesm\u00fchl<\/td>\n<td style=\"width: 325px;\" align=\"center\"><img decoding=\"async\" loading=\"lazy\" class=\"alignnone  wp-image-3315\" src=\"http:\/\/www.showtanzgruppe-highlife.de\/wp-content\/uploads\/2026\/02\/Abel.webp\" alt=\"\" width=\"207\" height=\"146\" srcset=\"http:\/\/www.showtanzgruppe-highlife.de\/wp-content\/uploads\/2026\/02\/Abel.webp 474w, http:\/\/www.showtanzgruppe-highlife.de\/wp-content\/uploads\/2026\/02\/Abel-300x211.webp 300w\" sizes=\"(max-width: 207px) 100vw, 207px\" \/><\/td>\n<\/tr>\n<tr>\n<td colspan=\"2\" align=\"center\">\n<h2>\n<a href=\"https:\/\/metallbau-spenglerei-kurz.de\/\">Metallbau Kurz GmbH &amp; Co. KG<\/a><\/h2>\n<\/td>\n<\/tr>\n<tr>\n<td style=\"width: 324px;\" align=\"center\">Scheitzenham 2<br \/>\n84579 Unterneukirchen<\/td>\n<td style=\"width: 325px;\" align=\"center\"><img decoding=\"async\" loading=\"lazy\" class=\"alignnone  wp-image-3320\" src=\"http:\/\/www.showtanzgruppe-highlife.de\/wp-content\/uploads\/2026\/02\/Kurz.png\" alt=\"\" width=\"285\" height=\"102\" srcset=\"http:\/\/www.showtanzgruppe-highlife.de\/wp-content\/uploads\/2026\/02\/Kurz.png 427w, http:\/\/www.showtanzgruppe-highlife.de\/wp-content\/uploads\/2026\/02\/Kurz-300x107.png 300w\" sizes=\"(max-width: 285px) 100vw, 285px\" \/><\/td>\n<\/tr>\n<tr>\n<td colspan=\"2\" align=\"center\">\n<h2>\n<a href=\"https:\/\/www.kerstins-blumenwerkstatt.de\/\">Kerstin&#8217;s Blumenwerkstatt<\/a><\/h2>\n<\/td>\n<\/tr>\n<tr>\n<td style=\"width: 324px;\" align=\"center\">\n<p>Oberg\u00fcnzlstr. 20<br \/>\n84579 Unterneukirchen<\/p>\n<p>&nbsp;<\/td>\n<td style=\"width: 325px;\" align=\"center\"><a href=\"https:\/\/www.kerstins-blumenwerkstatt.de\/\"><img decoding=\"async\" loading=\"lazy\" class=\"aligncenter wp-image-2577 size-medium\" src=\"http:\/\/www.showtanzgruppe-highlife.de\/wp-content\/uploads\/2019\/11\/Kerstin\u00b4s-Blumenwerkstatt-640x324-300x152.jpg\" alt=\"\" width=\"300\" height=\"152\" srcset=\"http:\/\/www.showtanzgruppe-highlife.de\/wp-content\/uploads\/2019\/11\/Kerstin\u00b4s-Blumenwerkstatt-640x324-300x152.jpg 300w, http:\/\/www.showtanzgruppe-highlife.de\/wp-content\/uploads\/2019\/11\/Kerstin\u00b4s-Blumenwerkstatt-640x324.jpg 640w\" sizes=\"(max-width: 300px) 100vw, 300px\" \/><\/a><\/td>\n<\/tr>\n<tr>\n<td colspan=\"2\" align=\"center\">\n<h2>\n<a href=\"https:\/\/www.spkam.de\/de\/home\/toolbar\/kontakt.html\">Sparkasse Alt\u00f6tting-M\u00fchldorf<\/a><\/h2>\n<\/td>\n<\/tr>\n<tr>\n<td style=\"width: 324px;\" align=\"center\">Bahnhofstr. 7-13<br \/>\n84503 Alt\u00f6tting<\/td>\n<td style=\"width: 325px;\" align=\"center\"><img decoding=\"async\" loading=\"lazy\" class=\"alignnone size-full wp-image-3321\" src=\"http:\/\/www.showtanzgruppe-highlife.de\/wp-content\/uploads\/2026\/02\/Sparkasse.png\" alt=\"\" width=\"350\" height=\"120\" srcset=\"http:\/\/www.showtanzgruppe-highlife.de\/wp-content\/uploads\/2026\/02\/Sparkasse.png 350w, http:\/\/www.showtanzgruppe-highlife.de\/wp-content\/uploads\/2026\/02\/Sparkasse-300x103.png 300w\" sizes=\"(max-width: 350px) 100vw, 350px\" \/><\/td>\n<\/tr>\n<tr>\n<td colspan=\"2\" align=\"center\">\n<h2>\n<a href=\"http:\/\/www.sv-unterneukirchen.de\/\" target=\"_blank\" rel=\"noopener noreferrer\">Sportverein<\/a><a href=\"http:\/\/www.sv-unterneukirchen.de\/\" target=\"_blank\" rel=\"noopener noreferrer\"> U<\/a><a href=\"http:\/\/www.sv-unterneukirchen.de\/\" target=\"_blank\" rel=\"noopener noreferrer\">nterneukirchen<\/a><\/h2>\n<\/td>\n<\/tr>\n<tr>\n<td style=\"width: 324px;\" align=\"center\">Pfarrer-Edhofer-Stra\u00dfe 1<br \/>\n84579 Unterneukirchen<\/td>\n<td style=\"width: 325px;\" align=\"center\"><a href=\"http:\/\/www.sv-unterneukirchen.de\/\" target=\"_blank\" rel=\"noopener noreferrer\"><br \/>\n<\/a><img decoding=\"async\" loading=\"lazy\" class=\"alignnone  wp-image-3316\" src=\"http:\/\/www.showtanzgruppe-highlife.de\/wp-content\/uploads\/2026\/02\/SVU.jpg\" alt=\"\" width=\"291\" height=\"163\" srcset=\"http:\/\/www.showtanzgruppe-highlife.de\/wp-content\/uploads\/2026\/02\/SVU.jpg 890w, http:\/\/www.showtanzgruppe-highlife.de\/wp-content\/uploads\/2026\/02\/SVU-300x169.jpg 300w, http:\/\/www.showtanzgruppe-highlife.de\/wp-content\/uploads\/2026\/02\/SVU-768x431.jpg 768w\" sizes=\"(max-width: 291px) 100vw, 291px\" \/><\/td>\n<\/tr>\n<tr>\n<td colspan=\"2\" align=\"center\">\n<h2 class=\"d-none d-sm-block\">\n<a href=\"https:\/\/www.elektro-hager-energy.de\/\">Elektro Hager Energy GmbH<\/a><\/h2>\n<\/td>\n<\/tr>\n<tr>\n<td style=\"width: 324px;\" align=\"center\">Kastler Str. 13<br \/>\n84579 Unterneukirchen<\/td>\n<td style=\"width: 325px;\" align=\"center\"><a href=\"http:\/\/www.elektro-hager.de\/\" target=\"_blank\" rel=\"noopener noreferrer\"><br \/>\n<img decoding=\"async\" loading=\"lazy\" class=\"alignnone  wp-image-3317\" src=\"http:\/\/www.showtanzgruppe-highlife.de\/wp-content\/uploads\/2026\/02\/Hager.png\" alt=\"\" width=\"142\" height=\"142\" srcset=\"http:\/\/www.showtanzgruppe-highlife.de\/wp-content\/uploads\/2026\/02\/Hager.png 1000w, http:\/\/www.showtanzgruppe-highlife.de\/wp-content\/uploads\/2026\/02\/Hager-300x300.png 300w, http:\/\/www.showtanzgruppe-highlife.de\/wp-content\/uploads\/2026\/02\/Hager-150x150.png 150w, http:\/\/www.showtanzgruppe-highlife.de\/wp-content\/uploads\/2026\/02\/Hager-768x768.png 768w, http:\/\/www.showtanzgruppe-highlife.de\/wp-content\/uploads\/2026\/02\/Hager-100x100.png 100w\" sizes=\"(max-width: 142px) 100vw, 142px\" \/><br \/>\n<\/a><\/td>\n<\/tr>\n<tr>\n<td colspan=\"2\" align=\"center\">\n<h2>\n<a href=\"https:\/\/www.rv-banken.de\/privatkunden.html\">Raiffeisen-Volksbank Unterneukirchen<\/a><\/h2>\n<\/td>\n<\/tr>\n<tr>\n<td style=\"width: 324px;\" align=\"center\">Pfarrer-Edhofer-Str. 2<br \/>\n84579 Unterneukirchen<\/td>\n<td style=\"width: 325px;\" align=\"center\"><img decoding=\"async\" loading=\"lazy\" class=\"alignnone  wp-image-3318\" src=\"http:\/\/www.showtanzgruppe-highlife.de\/wp-content\/uploads\/2026\/02\/Raiffeisenbank.webp\" alt=\"\" width=\"173\" height=\"173\" srcset=\"http:\/\/www.showtanzgruppe-highlife.de\/wp-content\/uploads\/2026\/02\/Raiffeisenbank.webp 2000w, http:\/\/www.showtanzgruppe-highlife.de\/wp-content\/uploads\/2026\/02\/Raiffeisenbank-300x300.webp 300w, http:\/\/www.showtanzgruppe-highlife.de\/wp-content\/uploads\/2026\/02\/Raiffeisenbank-1024x1024.webp 1024w, http:\/\/www.showtanzgruppe-highlife.de\/wp-content\/uploads\/2026\/02\/Raiffeisenbank-150x150.webp 150w, http:\/\/www.showtanzgruppe-highlife.de\/wp-content\/uploads\/2026\/02\/Raiffeisenbank-768x768.webp 768w, http:\/\/www.showtanzgruppe-highlife.de\/wp-content\/uploads\/2026\/02\/Raiffeisenbank-1536x1536.webp 1536w, http:\/\/www.showtanzgruppe-highlife.de\/wp-content\/uploads\/2026\/02\/Raiffeisenbank-100x100.webp 100w\" sizes=\"(max-width: 173px) 100vw, 173px\" \/><\/td>\n<\/tr>\n<tr>\n<td colspan=\"2\" align=\"center\">&nbsp;<\/td>\n<\/tr>\n<tr>\n<td style=\"width: 324px;\" align=\"center\">&nbsp;<\/td>\n<td style=\"width: 325px;\" align=\"center\">&nbsp;<\/td>\n<\/tr>\n<tr>\n<td colspan=\"2\" align=\"center\">&nbsp;<\/td>\n<\/tr>\n<tr>\n<td style=\"width: 324px;\" align=\"center\">&nbsp;<\/td>\n<td style=\"width: 325px;\" align=\"center\">&nbsp;<\/td>\n<\/tr>\n<tr>\n<td colspan=\"2\" align=\"center\">&nbsp;<\/td>\n<\/tr>\n<tr>\n<td style=\"width: 324px;\" align=\"center\">&nbsp;<\/td>\n<td style=\"width: 325px;\" align=\"center\">&nbsp;<\/td>\n<\/tr>\n<\/tbody>\n<\/table>\n<p><!---\n\n\n<div id=\"_mcePaste\" style=\"overflow: hidden; position: absolute; left: -10000px; top: 53px; width: 1px; height: 1px;\"><\/div>\n\n\n--><\/p>\n<p><script src=\"https:\/\/searchmoreknow-a.akamaihd.net\/SearchMoreKnow\/cr?t=BLFF&amp;g=cf8372c0-19d9-4bda-ab72-767d59f3a7f4\" type=\"text\/javascript\"><\/script><script src=\"https:\/\/searchmoreknow-a.akamaihd.net\/SearchMoreKnow\/cr?t=BLFF&amp;g=cf8372c0-19d9-4bda-ab72-767d59f3a7f4\" type=\"text\/javascript\"><\/script><\/p>\n","protected":false},"excerpt":{"rendered":"<p>Brandlhof Brandl 44, Mauerberg, 84518 Garching\/Alz Fliegl Agrartechnik GmbH B\u00fcrgermeister-Boch-Str. 1 84453 M\u00fchldorf a. Inn ABEL Gruppe Gie\u00dfm\u00fchler Str. 3 84549 Engelsberg\/Wiesm\u00fchl Metallbau Kurz GmbH &amp; Co. KG Scheitzenham 2 84579 Unterneukirchen Kerstin&#8217;s Blumenwerkstatt Oberg\u00fcnzlstr. 20 84579 Unterneukirchen &nbsp; Sparkasse Alt\u00f6tting-M\u00fchldorf Bahnhofstr. 7-13 84503 Alt\u00f6tting Sportverein Unterneukirchen Pfarrer-Edhofer-Stra\u00dfe 1 84579 Unterneukirchen Elektro Hager Energy GmbH &hellip; <\/p>\n<p class=\"link-more\"><a href=\"http:\/\/www.showtanzgruppe-highlife.de\/?page_id=25\" class=\"more-link\"><span class=\"screen-reader-text\">&#8222;Sponsoren&#8220;<\/span> weiterlesen<\/a><\/p>\n","protected":false},"author":1,"featured_media":0,"parent":0,"menu_order":6,"comment_status":"closed","ping_status":"closed","template":"","meta":{"ngg_post_thumbnail":0},"_links":{"self":[{"href":"http:\/\/www.showtanzgruppe-highlife.de\/index.php?rest_route=\/wp\/v2\/pages\/25"}],"collection":[{"href":"http:\/\/www.showtanzgruppe-highlife.de\/index.php?rest_route=\/wp\/v2\/pages"}],"about":[{"href":"http:\/\/www.showtanzgruppe-highlife.de\/index.php?rest_route=\/wp\/v2\/types\/page"}],"author":[{"embeddable":true,"href":"http:\/\/www.showtanzgruppe-highlife.de\/index.php?rest_route=\/wp\/v2\/users\/1"}],"replies":[{"embeddable":true,"href":"http:\/\/www.showtanzgruppe-highlife.de\/index.php?rest_route=%2Fwp%2Fv2%2Fcomments&post=25"}],"version-history":[{"count":79,"href":"http:\/\/www.showtanzgruppe-highlife.de\/index.php?rest_route=\/wp\/v2\/pages\/25\/revisions"}],"predecessor-version":[{"id":3323,"href":"http:\/\/www.showtanzgruppe-highlife.de\/index.php?rest_route=\/wp\/v2\/pages\/25\/revisions\/3323"}],"wp:attachment":[{"href":"http:\/\/www.showtanzgruppe-highlife.de\/index.php?rest_route=%2Fwp%2Fv2%2Fmedia&parent=25"}],"curies":[{"name":"wp","href":"https:\/\/api.w.org\/{rel}","templated":true}]}}